{"id":522,"date":"2020-11-09T13:17:34","date_gmt":"2020-11-09T12:17:34","guid":{"rendered":"https:\/\/www.nachhilfe-team.net\/studitipps\/?page_id=522"},"modified":"2021-04-30T12:46:19","modified_gmt":"2021-04-30T10:46:19","slug":"studentenjobs","status":"publish","type":"page","link":"https:\/\/www.nachhilfe-team.net\/studitipps\/studentenjobs\/","title":{"rendered":"Studentenjobs"},"content":{"rendered":"<div class=\"wpb-content-wrapper\"><p>[vc_row][vc_column][vc_column_text]Egal, ob es um einen Studentenjob in M\u00fcnchen, Berlin oder Buxtehude geht &#8211; wir haben f\u00fcr dich die beliebtesten und lohnenswertesten Studenenjobs zusammengetragen mit einer \u00dcbersicht zum Stundenlohn, Jobbeschreibung, Bewerbungsseite und Voraussetzungen.[\/vc_column_text][vc_column_text]<ul class=\"my-grid-layout\"><li class=\"listing-item\"><a class=\"image\" href=\"https:\/\/www.nachhilfe-team.net\/studitipps\/hands-on-mentalitaet\/\"><img decoding=\"async\" width=\"150\" height=\"150\" src=\"https:\/\/www.nachhilfe-team.net\/studitipps\/wp-content\/uploads\/2022\/11\/hands-on-mentalitaet-150x150.webp\" class=\"attachment-thumbnail size-thumbnail wp-post-image\" alt=\"Junge Frau, die einen Stapel Papier \u00fcberreicht\" \/><\/a> <a class=\"title\" href=\"https:\/\/www.nachhilfe-team.net\/studitipps\/hands-on-mentalitaet\/\">Hands-on-Mentalit\u00e4t &#8211; So punktest du bei der Bewerbung und im Job!<\/a><\/li><li class=\"listing-item\"><a class=\"image\" href=\"https:\/\/www.nachhilfe-team.net\/studitipps\/beste-arbeitgeber-deutschland\/\"><img decoding=\"async\" width=\"150\" height=\"150\" src=\"https:\/\/www.nachhilfe-team.net\/studitipps\/wp-content\/uploads\/2021\/03\/screen_2z-150x150.jpg\" class=\"attachment-thumbnail size-thumbnail wp-post-image\" alt=\"Gruppe von Gesch\u00e4ftsleuten\" \/><\/a> <a class=\"title\" href=\"https:\/\/www.nachhilfe-team.net\/studitipps\/beste-arbeitgeber-deutschland\/\">Beste Arbeitgeber in Deutschland &#8211; bei diesen 8 bist Du gut aufgehoben<\/a><\/li><li class=\"listing-item\"><a class=\"image\" href=\"https:\/\/www.nachhilfe-team.net\/studitipps\/studentenjobs-zuhause\/\"><img decoding=\"async\" width=\"150\" height=\"150\" src=\"https:\/\/www.nachhilfe-team.net\/studitipps\/wp-content\/uploads\/2021\/02\/mikey-harris-kw0z6RyvC0s-unsplash-150x150.jpg\" class=\"attachment-thumbnail size-thumbnail wp-post-image\" alt=\"\" \/><\/a> <a class=\"title\" href=\"https:\/\/www.nachhilfe-team.net\/studitipps\/studentenjobs-zuhause\/\">7 Studentenjobs f\u00fcr zuhause &#8211; diese Jobs lohnen sich<\/a><\/li><li class=\"listing-item\"><a class=\"image\" href=\"https:\/\/www.nachhilfe-team.net\/studitipps\/studentenjobs-corona\/\"><img decoding=\"async\" width=\"150\" height=\"150\" src=\"https:\/\/www.nachhilfe-team.net\/studitipps\/wp-content\/uploads\/2021\/01\/bench-accounting-C3V88BOoRoM-unsplash-150x150.jpg\" class=\"attachment-thumbnail size-thumbnail wp-post-image\" alt=\"\" \/><\/a> <a class=\"title\" href=\"https:\/\/www.nachhilfe-team.net\/studitipps\/studentenjobs-corona\/\">Studentenjobs w\u00e4hrend Corona &#8211; 7 interessante M\u00f6glichkeiten<\/a><\/li><li class=\"listing-item\"><a class=\"image\" href=\"https:\/\/www.nachhilfe-team.net\/studitipps\/studentenjobs-homeoffice\/\"><img decoding=\"async\" width=\"150\" height=\"150\" src=\"https:\/\/www.nachhilfe-team.net\/studitipps\/wp-content\/uploads\/2021\/01\/elsa-noblet-5KD5PmZEfcg-unsplash-150x150.jpg\" class=\"attachment-thumbnail size-thumbnail wp-post-image\" alt=\"\" \/><\/a> <a class=\"title\" href=\"https:\/\/www.nachhilfe-team.net\/studitipps\/studentenjobs-homeoffice\/\">Studentenjobs im Homeoffice &#8211; diese 7 solltest du kennen<\/a><\/li><li class=\"listing-item\"><a class=\"image\" href=\"https:\/\/www.nachhilfe-team.net\/studitipps\/studentenjob-koeln\/\"><img decoding=\"async\" width=\"150\" height=\"150\" src=\"https:\/\/www.nachhilfe-team.net\/studitipps\/wp-content\/uploads\/2020\/09\/studentenjob-koeln-150x150.jpg\" class=\"attachment-thumbnail size-thumbnail wp-post-image\" alt=\"Studentenjob K\u00f6ln\" \/><\/a> <a class=\"title\" href=\"https:\/\/www.nachhilfe-team.net\/studitipps\/studentenjob-koeln\/\">Die 10 beliebtesten Studentenjobs in K\u00f6ln<\/a><\/li><li class=\"listing-item\"><a class=\"image\" href=\"https:\/\/www.nachhilfe-team.net\/studitipps\/studentenjob-berlin\/\"><img decoding=\"async\" width=\"150\" height=\"150\" src=\"https:\/\/www.nachhilfe-team.net\/studitipps\/wp-content\/uploads\/2020\/09\/studentenjob-berlin-150x150.jpg\" class=\"attachment-thumbnail size-thumbnail wp-post-image\" alt=\"Studentenjob Berlin\" \/><\/a> <a class=\"title\" href=\"https:\/\/www.nachhilfe-team.net\/studitipps\/studentenjob-berlin\/\">15 Studentenjobs in Berlin, von denen du geh\u00f6rt haben solltest<\/a><\/li><li class=\"listing-item\"><a class=\"image\" href=\"https:\/\/www.nachhilfe-team.net\/studitipps\/studentenjob-muenchen\/\"><img decoding=\"async\" width=\"150\" height=\"150\" src=\"https:\/\/www.nachhilfe-team.net\/studitipps\/wp-content\/uploads\/2020\/10\/studentenjob-muenchen-150x150.jpg\" class=\"attachment-thumbnail size-thumbnail wp-post-image\" alt=\"Studentenjob M\u00fcnchen\" \/><\/a> <a class=\"title\" href=\"https:\/\/www.nachhilfe-team.net\/studitipps\/studentenjob-muenchen\/\">Die 15 lukrativsten Studentenjobs in M\u00fcnchen<\/a><\/li><li class=\"listing-item\"><a class=\"image\" href=\"https:\/\/www.nachhilfe-team.net\/studitipps\/studentenjob-hamburg\/\"><img decoding=\"async\" width=\"150\" height=\"150\" src=\"https:\/\/www.nachhilfe-team.net\/studitipps\/wp-content\/uploads\/2020\/09\/studentenjob-hamburg-150x150.jpg\" class=\"attachment-thumbnail size-thumbnail wp-post-image\" alt=\"Studentenjob Hamburg\" \/><\/a> <a class=\"title\" href=\"https:\/\/www.nachhilfe-team.net\/studitipps\/studentenjob-hamburg\/\">10 Studentenjobs in Hamburg, die jeder Student kennen sollte<\/a><\/li><li class=\"listing-item\"><a class=\"image\" href=\"https:\/\/www.nachhilfe-team.net\/studitipps\/studentenjob-duesseldorf\/\"><img decoding=\"async\" width=\"150\" height=\"150\" src=\"https:\/\/www.nachhilfe-team.net\/studitipps\/wp-content\/uploads\/2020\/09\/studentenjob-duesseldorf-150x150.jpg\" class=\"attachment-thumbnail size-thumbnail wp-post-image\" alt=\"Studentenjob D\u00fcsseldorf\" \/><\/a> <a class=\"title\" href=\"https:\/\/www.nachhilfe-team.net\/studitipps\/studentenjob-duesseldorf\/\">Diese 25 Studentenjobs in D\u00fcsseldorf lohnen sich am meisten<\/a><\/li><\/ul>[\/vc_column_text][\/vc_column][\/vc_row]<\/p>\n<\/div>","protected":false},"excerpt":{"rendered":"<p>[vc_row][vc_column][vc_column_text]Egal, ob es um einen Studentenjob in M\u00fcnchen, Berlin oder Buxtehude geht &#8211; wir haben f\u00fcr dich die beliebtesten und lohnenswertesten Studenenjobs zusammengetragen mit einer \u00dcbersicht zum Stundenlohn, Jobbeschreibung, Bewerbungsseite und Voraussetzungen.[\/vc_column_text][vc_column_text][\/vc_column_text][\/vc_column][\/vc_row]<\/p>\n","protected":false},"author":1,"featured_media":656,"parent":0,"menu_order":0,"comment_status":"closed","ping_status":"closed","template":"","meta":{"_acf_changed":false,"om_disable_all_campaigns":false,"inline_featured_image":false,"ocean_post_layout":"","ocean_both_sidebars_style":"","ocean_both_sidebars_content_width":0,"ocean_both_sidebars_sidebars_width":0,"ocean_sidebar":"0","ocean_second_sidebar":"0","ocean_disable_margins":"enable","ocean_add_body_class":"","ocean_shortcode_before_top_bar":"","ocean_shortcode_after_top_bar":"","ocean_shortcode_before_header":"","ocean_shortcode_after_header":"","ocean_has_shortcode":"","ocean_shortcode_after_title":"","ocean_shortcode_before_footer_widgets":"","ocean_shortcode_after_footer_widgets":"","ocean_shortcode_before_footer_bottom":"","ocean_shortcode_after_footer_bottom":"","ocean_display_top_bar":"default","ocean_display_header":"on","ocean_header_style":"","ocean_center_header_left_menu":"0","ocean_custom_header_template":"0","ocean_custom_logo":0,"ocean_custom_retina_logo":0,"ocean_custom_logo_max_width":0,"ocean_custom_logo_tablet_max_width":0,"ocean_custom_logo_mobile_max_width":0,"ocean_custom_logo_max_height":0,"ocean_custom_logo_tablet_max_height":0,"ocean_custom_logo_mobile_max_height":0,"ocean_header_custom_menu":"0","ocean_menu_typo_font_family":"0","ocean_menu_typo_font_subset":"","ocean_menu_typo_font_size":0,"ocean_menu_typo_font_size_tablet":0,"ocean_menu_typo_font_size_mobile":0,"ocean_menu_typo_font_size_unit":"px","ocean_menu_typo_font_weight":"","ocean_menu_typo_font_weight_tablet":"","ocean_menu_typo_font_weight_mobile":"","ocean_menu_typo_transform":"","ocean_menu_typo_transform_tablet":"","ocean_menu_typo_transform_mobile":"","ocean_menu_typo_line_height":0,"ocean_menu_typo_line_height_tablet":0,"ocean_menu_typo_line_height_mobile":0,"ocean_menu_typo_line_height_unit":"","ocean_menu_typo_spacing":0,"ocean_menu_typo_spacing_tablet":0,"ocean_menu_typo_spacing_mobile":0,"ocean_menu_typo_spacing_unit":"","ocean_menu_link_color":"","ocean_menu_link_color_hover":"","ocean_menu_link_color_active":"","ocean_menu_link_background":"","ocean_menu_link_hover_background":"","ocean_menu_link_active_background":"","ocean_menu_social_links_bg":"","ocean_menu_social_hover_links_bg":"","ocean_menu_social_links_color":"","ocean_menu_social_hover_links_color":"","ocean_disable_title":"enable","ocean_disable_heading":"enable","ocean_post_title":"","ocean_post_subheading":"","ocean_post_title_style":"","ocean_post_title_background_color":"","ocean_post_title_background":0,"ocean_post_title_bg_image_position":"","ocean_post_title_bg_image_attachment":"","ocean_post_title_bg_image_repeat":"","ocean_post_title_bg_image_size":"","ocean_post_title_height":0,"ocean_post_title_bg_overlay":0.5,"ocean_post_title_bg_overlay_color":"","ocean_disable_breadcrumbs":"default","ocean_breadcrumbs_color":"","ocean_breadcrumbs_separator_color":"","ocean_breadcrumbs_links_color":"","ocean_breadcrumbs_links_hover_color":"","ocean_display_footer_widgets":"default","ocean_display_footer_bottom":"default","ocean_custom_footer_template":"0","footnotes":""},"class_list":["post-522","page","type-page","status-publish","has-post-thumbnail","hentry","entry","has-media"],"acf":[],"yoast_head":"<!-- This site is optimized with the Yoast SEO plugin v27.5 - https:\/\/yoast.com\/product\/yoast-seo-wordpress\/ -->\n<title>Studentenjobs- Studieren leicht gemacht<\/title>\n<meta name=\"description\" content=\"Hier findest du Infos zu Gehalt, Beschreibung und Bewerbungsm\u00f6glichkeit f\u00fcr die beliebtesten Nebenjobs f\u00fcr Studenten.\" \/>\n<meta name=\"robots\" content=\"index, follow, max-snippet:-1, max-image-preview:large, max-video-preview:-1\" \/>\n<link rel=\"canonical\" href=\"https:\/\/www.nachhilfe-team.net\/studitipps\/studentenjobs\/\" \/>\n<meta property=\"og:locale\" content=\"de_DE\" \/>\n<meta property=\"og:type\" content=\"article\" \/>\n<meta property=\"og:title\" content=\"Studentenjobs- Studieren leicht gemacht\" \/>\n<meta property=\"og:description\" content=\"Hier findest du Infos zu Gehalt, Beschreibung und Bewerbungsm\u00f6glichkeit f\u00fcr die beliebtesten Nebenjobs f\u00fcr Studenten.\" \/>\n<meta property=\"og:url\" content=\"https:\/\/www.nachhilfe-team.net\/studitipps\/studentenjobs\/\" \/>\n<meta property=\"og:site_name\" content=\"Studieren leicht gemacht\" \/>\n<meta property=\"article:modified_time\" content=\"2021-04-30T10:46:19+00:00\" \/>\n<meta property=\"og:image\" content=\"https:\/\/www.nachhilfe-team.net\/studitipps\/wp-content\/uploads\/2020\/11\/studentenjobs.jpg\" \/>\n\t<meta property=\"og:image:width\" content=\"860\" \/>\n\t<meta property=\"og:image:height\" content=\"423\" \/>\n\t<meta property=\"og:image:type\" content=\"image\/jpeg\" \/>\n<meta name=\"twitter:card\" content=\"summary_large_image\" \/>\n<script type=\"application\/ld+json\" class=\"yoast-schema-graph\">{\"@context\":\"https:\\\/\\\/schema.org\",\"@graph\":[{\"@type\":\"WebPage\",\"@id\":\"https:\\\/\\\/www.nachhilfe-team.net\\\/studitipps\\\/studentenjobs\\\/\",\"url\":\"https:\\\/\\\/www.nachhilfe-team.net\\\/studitipps\\\/studentenjobs\\\/\",\"name\":\"Studentenjobs- Studieren leicht gemacht\",\"isPartOf\":{\"@id\":\"https:\\\/\\\/www.nachhilfe-team.net\\\/studitipps\\\/#website\"},\"primaryImageOfPage\":{\"@id\":\"https:\\\/\\\/www.nachhilfe-team.net\\\/studitipps\\\/studentenjobs\\\/#primaryimage\"},\"image\":{\"@id\":\"https:\\\/\\\/www.nachhilfe-team.net\\\/studitipps\\\/studentenjobs\\\/#primaryimage\"},\"thumbnailUrl\":\"https:\\\/\\\/www.nachhilfe-team.net\\\/studitipps\\\/wp-content\\\/uploads\\\/2020\\\/11\\\/studentenjobs.jpg\",\"datePublished\":\"2020-11-09T12:17:34+00:00\",\"dateModified\":\"2021-04-30T10:46:19+00:00\",\"description\":\"Hier findest du Infos zu Gehalt, Beschreibung und Bewerbungsm\u00f6glichkeit f\u00fcr die beliebtesten Nebenjobs f\u00fcr Studenten.\",\"breadcrumb\":{\"@id\":\"https:\\\/\\\/www.nachhilfe-team.net\\\/studitipps\\\/studentenjobs\\\/#breadcrumb\"},\"inLanguage\":\"de\",\"potentialAction\":[{\"@type\":\"ReadAction\",\"target\":[\"https:\\\/\\\/www.nachhilfe-team.net\\\/studitipps\\\/studentenjobs\\\/\"]}]},{\"@type\":\"ImageObject\",\"inLanguage\":\"de\",\"@id\":\"https:\\\/\\\/www.nachhilfe-team.net\\\/studitipps\\\/studentenjobs\\\/#primaryimage\",\"url\":\"https:\\\/\\\/www.nachhilfe-team.net\\\/studitipps\\\/wp-content\\\/uploads\\\/2020\\\/11\\\/studentenjobs.jpg\",\"contentUrl\":\"https:\\\/\\\/www.nachhilfe-team.net\\\/studitipps\\\/wp-content\\\/uploads\\\/2020\\\/11\\\/studentenjobs.jpg\",\"width\":860,\"height\":423,\"caption\":\"studentenjobs\"},{\"@type\":\"BreadcrumbList\",\"@id\":\"https:\\\/\\\/www.nachhilfe-team.net\\\/studitipps\\\/studentenjobs\\\/#breadcrumb\",\"itemListElement\":[{\"@type\":\"ListItem\",\"position\":1,\"name\":\"Startseite\",\"item\":\"https:\\\/\\\/www.nachhilfe-team.net\\\/studitipps\\\/\"},{\"@type\":\"ListItem\",\"position\":2,\"name\":\"Studentenjobs\"}]},{\"@type\":\"WebSite\",\"@id\":\"https:\\\/\\\/www.nachhilfe-team.net\\\/studitipps\\\/#website\",\"url\":\"https:\\\/\\\/www.nachhilfe-team.net\\\/studitipps\\\/\",\"name\":\"Studieren leicht gemacht\",\"description\":\"Effektive Tipps rund ums Studium\",\"publisher\":{\"@id\":\"https:\\\/\\\/www.nachhilfe-team.net\\\/studitipps\\\/#organization\"},\"potentialAction\":[{\"@type\":\"SearchAction\",\"target\":{\"@type\":\"EntryPoint\",\"urlTemplate\":\"https:\\\/\\\/www.nachhilfe-team.net\\\/studitipps\\\/?s={search_term_string}\"},\"query-input\":{\"@type\":\"PropertyValueSpecification\",\"valueRequired\":true,\"valueName\":\"search_term_string\"}}],\"inLanguage\":\"de\"},{\"@type\":\"Organization\",\"@id\":\"https:\\\/\\\/www.nachhilfe-team.net\\\/studitipps\\\/#organization\",\"name\":\"Nachhilfe-Team.net\",\"url\":\"https:\\\/\\\/www.nachhilfe-team.net\\\/studitipps\\\/\",\"logo\":{\"@type\":\"ImageObject\",\"inLanguage\":\"de\",\"@id\":\"https:\\\/\\\/www.nachhilfe-team.net\\\/studitipps\\\/#\\\/schema\\\/logo\\\/image\\\/\",\"url\":\"https:\\\/\\\/www.nachhilfe-team.net\\\/studitipps\\\/wp-content\\\/uploads\\\/2020\\\/09\\\/400x270_Logo_White.png\",\"contentUrl\":\"https:\\\/\\\/www.nachhilfe-team.net\\\/studitipps\\\/wp-content\\\/uploads\\\/2020\\\/09\\\/400x270_Logo_White.png\",\"width\":400,\"height\":270,\"caption\":\"Nachhilfe-Team.net\"},\"image\":{\"@id\":\"https:\\\/\\\/www.nachhilfe-team.net\\\/studitipps\\\/#\\\/schema\\\/logo\\\/image\\\/\"}}]}<\/script>\n<!-- \/ Yoast SEO plugin. -->","yoast_head_json":{"title":"Studentenjobs- Studieren leicht gemacht","description":"Hier findest du Infos zu Gehalt, Beschreibung und Bewerbungsm\u00f6glichkeit f\u00fcr die beliebtesten Nebenjobs f\u00fcr Studenten.","robots":{"index":"index","follow":"follow","max-snippet":"max-snippet:-1","max-image-preview":"max-image-preview:large","max-video-preview":"max-video-preview:-1"},"canonical":"https:\/\/www.nachhilfe-team.net\/studitipps\/studentenjobs\/","og_locale":"de_DE","og_type":"article","og_title":"Studentenjobs- Studieren leicht gemacht","og_description":"Hier findest du Infos zu Gehalt, Beschreibung und Bewerbungsm\u00f6glichkeit f\u00fcr die beliebtesten Nebenjobs f\u00fcr Studenten.","og_url":"https:\/\/www.nachhilfe-team.net\/studitipps\/studentenjobs\/","og_site_name":"Studieren leicht gemacht","article_modified_time":"2021-04-30T10:46:19+00:00","og_image":[{"width":860,"height":423,"url":"https:\/\/www.nachhilfe-team.net\/studitipps\/wp-content\/uploads\/2020\/11\/studentenjobs.jpg","type":"image\/jpeg"}],"twitter_card":"summary_large_image","schema":{"@context":"https:\/\/schema.org","@graph":[{"@type":"WebPage","@id":"https:\/\/www.nachhilfe-team.net\/studitipps\/studentenjobs\/","url":"https:\/\/www.nachhilfe-team.net\/studitipps\/studentenjobs\/","name":"Studentenjobs- Studieren leicht gemacht","isPartOf":{"@id":"https:\/\/www.nachhilfe-team.net\/studitipps\/#website"},"primaryImageOfPage":{"@id":"https:\/\/www.nachhilfe-team.net\/studitipps\/studentenjobs\/#primaryimage"},"image":{"@id":"https:\/\/www.nachhilfe-team.net\/studitipps\/studentenjobs\/#primaryimage"},"thumbnailUrl":"https:\/\/www.nachhilfe-team.net\/studitipps\/wp-content\/uploads\/2020\/11\/studentenjobs.jpg","datePublished":"2020-11-09T12:17:34+00:00","dateModified":"2021-04-30T10:46:19+00:00","description":"Hier findest du Infos zu Gehalt, Beschreibung und Bewerbungsm\u00f6glichkeit f\u00fcr die beliebtesten Nebenjobs f\u00fcr Studenten.","breadcrumb":{"@id":"https:\/\/www.nachhilfe-team.net\/studitipps\/studentenjobs\/#breadcrumb"},"inLanguage":"de","potentialAction":[{"@type":"ReadAction","target":["https:\/\/www.nachhilfe-team.net\/studitipps\/studentenjobs\/"]}]},{"@type":"ImageObject","inLanguage":"de","@id":"https:\/\/www.nachhilfe-team.net\/studitipps\/studentenjobs\/#primaryimage","url":"https:\/\/www.nachhilfe-team.net\/studitipps\/wp-content\/uploads\/2020\/11\/studentenjobs.jpg","contentUrl":"https:\/\/www.nachhilfe-team.net\/studitipps\/wp-content\/uploads\/2020\/11\/studentenjobs.jpg","width":860,"height":423,"caption":"studentenjobs"},{"@type":"BreadcrumbList","@id":"https:\/\/www.nachhilfe-team.net\/studitipps\/studentenjobs\/#breadcrumb","itemListElement":[{"@type":"ListItem","position":1,"name":"Startseite","item":"https:\/\/www.nachhilfe-team.net\/studitipps\/"},{"@type":"ListItem","position":2,"name":"Studentenjobs"}]},{"@type":"WebSite","@id":"https:\/\/www.nachhilfe-team.net\/studitipps\/#website","url":"https:\/\/www.nachhilfe-team.net\/studitipps\/","name":"Studieren leicht gemacht","description":"Effektive Tipps rund ums Studium","publisher":{"@id":"https:\/\/www.nachhilfe-team.net\/studitipps\/#organization"},"potentialAction":[{"@type":"SearchAction","target":{"@type":"EntryPoint","urlTemplate":"https:\/\/www.nachhilfe-team.net\/studitipps\/?s={search_term_string}"},"query-input":{"@type":"PropertyValueSpecification","valueRequired":true,"valueName":"search_term_string"}}],"inLanguage":"de"},{"@type":"Organization","@id":"https:\/\/www.nachhilfe-team.net\/studitipps\/#organization","name":"Nachhilfe-Team.net","url":"https:\/\/www.nachhilfe-team.net\/studitipps\/","logo":{"@type":"ImageObject","inLanguage":"de","@id":"https:\/\/www.nachhilfe-team.net\/studitipps\/#\/schema\/logo\/image\/","url":"https:\/\/www.nachhilfe-team.net\/studitipps\/wp-content\/uploads\/2020\/09\/400x270_Logo_White.png","contentUrl":"https:\/\/www.nachhilfe-team.net\/studitipps\/wp-content\/uploads\/2020\/09\/400x270_Logo_White.png","width":400,"height":270,"caption":"Nachhilfe-Team.net"},"image":{"@id":"https:\/\/www.nachhilfe-team.net\/studitipps\/#\/schema\/logo\/image\/"}}]}},"_links":{"self":[{"href":"https:\/\/www.nachhilfe-team.net\/studitipps\/wp-json\/wp\/v2\/pages\/522","targetHints":{"allow":["GET"]}}],"collection":[{"href":"https:\/\/www.nachhilfe-team.net\/studitipps\/wp-json\/wp\/v2\/pages"}],"about":[{"href":"https:\/\/www.nachhilfe-team.net\/studitipps\/wp-json\/wp\/v2\/types\/page"}],"author":[{"embeddable":true,"href":"https:\/\/www.nachhilfe-team.net\/studitipps\/wp-json\/wp\/v2\/users\/1"}],"replies":[{"embeddable":true,"href":"https:\/\/www.nachhilfe-team.net\/studitipps\/wp-json\/wp\/v2\/comments?post=522"}],"version-history":[{"count":9,"href":"https:\/\/www.nachhilfe-team.net\/studitipps\/wp-json\/wp\/v2\/pages\/522\/revisions"}],"predecessor-version":[{"id":3735,"href":"https:\/\/www.nachhilfe-team.net\/studitipps\/wp-json\/wp\/v2\/pages\/522\/revisions\/3735"}],"wp:featuredmedia":[{"embeddable":true,"href":"https:\/\/www.nachhilfe-team.net\/studitipps\/wp-json\/wp\/v2\/media\/656"}],"wp:attachment":[{"href":"https:\/\/www.nachhilfe-team.net\/studitipps\/wp-json\/wp\/v2\/media?parent=522"}],"curies":[{"name":"wp","href":"https:\/\/api.w.org\/{rel}","templated":true}]}}